{"id":1244,"date":"2021-07-14T09:27:31","date_gmt":"2021-07-14T09:27:31","guid":{"rendered":"https:\/\/thalassabeachhouses.nl\/disclaimer\/"},"modified":"2023-02-21T12:26:52","modified_gmt":"2023-02-21T11:26:52","slug":"disclaimer","status":"publish","type":"page","link":"https:\/\/thalassabeachhouses.nl\/de\/disclaimer\/","title":{"rendered":"Disclaimer"},"content":{"rendered":"<p>Thalassa gew\u00e4hrt Ihnen hiermit Zugang zu www.thalassabeachhouses.nl (\u201edie Website\u201c) und ver\u00f6ffentlicht hier zur Information Texte, Abbildungen und andere Materialien. Thalassa beh\u00e4lt sich dabei das Recht vor, den Inhalt jederzeit anzupassen oder Teile zu entfernen, ohne dass Ihnen das zuvor mitgeteilt wird. Die Informationen auf der Website sind unverbindlich und stellen kein konkretes Angebot dar, um einen Vertrag abzuschlie\u00dfen. Vertr\u00e4ge werden nur durch Annahme eines als solchen bezeichneten Angebots geschlossen.<\/p>\n<p>Beschr\u00e4nkte Haftung Thalassa ist bestrebt, den Inhalt der Website so oft wie m\u00f6glich zu aktualisieren und\/oder zu erg\u00e4nzen. Trotz dieser Sorgfalt und Aufmerksamkeit ist es m\u00f6glich, dass Inhalte unvollst\u00e4ndig und\/oder unrichtig sind. Die auf der Website angebotenen Materialien werden ohne jede Form von Garantie oder Anspruch auf Richtigkeit angeboten. Diese Materialien k\u00f6nnen sich jederzeit ohne Vorank\u00fcndigung von Thalassa \u00e4ndern. Insbesondere sind alle Preise auf der Website unter Vorbehalt von Tipp- und Programmierfehlern. F\u00fcr die Folgen solcher Fehler wird keine Haftung \u00fcbernommen. Kein Vertrag kommt auf Basis solcher Fehler zustande. F\u00fcr auf der Website aufgenommene Hyperlinks auf Websites oder Dienstleistungen Dritter kann Thalassa keinerlei Haftung \u00fcbernehmen.<\/p>\n<p>Urheberrechte Alle Rechte geistigen Eigentums bez\u00fcglich dieser Materialien liegen bei Thalassa Kopieren, verteilen und jede andere Nutzung dieser Materialien ist ohne schriftliche Zustimmung von Thalassa nicht erlaubt, vorbehaltlich und nur sofern Regelungen zwingenden Rechts anderes bestimmen (wie Zitatrecht), au\u00dfer, bei bestimmten Materialien ist anderes angegeben.<\/p>\n","protected":false},"excerpt":{"rendered":"<p>Thalassa gew\u00e4hrt Ihnen hiermit Zugang zu www.thalassabeachhouses.nl (\u201edie Website\u201c) und ver\u00f6ffentlicht hier zur Information Texte, Abbildungen und andere Materialien. Thalassa beh\u00e4lt sich dabei das Recht vor, den Inhalt jederzeit anzupassen oder Teile zu entfernen, ohne dass Ihnen das zuvor mitgeteilt wird. Die Informationen auf der Website sind unverbindlich und stellen kein konkretes Angebot dar, um [&hellip;]<\/p>\n","protected":false},"author":1,"featured_media":0,"parent":0,"menu_order":0,"comment_status":"closed","ping_status":"closed","template":"","meta":{"_acf_changed":false,"footnotes":""},"class_list":["post-1244","page","type-page","status-publish","hentry"],"acf":[],"_links":{"self":[{"href":"https:\/\/thalassabeachhouses.nl\/de\/wp-json\/wp\/v2\/pages\/1244","targetHints":{"allow":["GET"]}}],"collection":[{"href":"https:\/\/thalassabeachhouses.nl\/de\/wp-json\/wp\/v2\/pages"}],"about":[{"href":"https:\/\/thalassabeachhouses.nl\/de\/wp-json\/wp\/v2\/types\/page"}],"author":[{"embeddable":true,"href":"https:\/\/thalassabeachhouses.nl\/de\/wp-json\/wp\/v2\/users\/1"}],"replies":[{"embeddable":true,"href":"https:\/\/thalassabeachhouses.nl\/de\/wp-json\/wp\/v2\/comments?post=1244"}],"version-history":[{"count":3,"href":"https:\/\/thalassabeachhouses.nl\/de\/wp-json\/wp\/v2\/pages\/1244\/revisions"}],"predecessor-version":[{"id":1257,"href":"https:\/\/thalassabeachhouses.nl\/de\/wp-json\/wp\/v2\/pages\/1244\/revisions\/1257"}],"wp:attachment":[{"href":"https:\/\/thalassabeachhouses.nl\/de\/wp-json\/wp\/v2\/media?parent=1244"}],"curies":[{"name":"wp","href":"https:\/\/api.w.org\/{rel}","templated":true}]}}