{"id":1242,"date":"2021-06-11T08:00:20","date_gmt":"2021-06-11T08:00:20","guid":{"rendered":"https:\/\/thalassabeachhouses.nl\/privacy-policy\/"},"modified":"2023-02-21T12:22:14","modified_gmt":"2023-02-21T11:22:14","slug":"datenschutzerklaerung","status":"publish","type":"page","link":"https:\/\/thalassabeachhouses.nl\/de\/datenschutzerklaerung\/","title":{"rendered":"Datenschutzerkl\u00e4rung"},"content":{"rendered":"<div>Die Thalassa Beach Houses, Strandafgang Barnaart 19, 2041 KB te Zandvoort in Die Niederlande ist ein Markenname von Bonnie Beach B.V., Eingetragen im Handelsregister unter der Handelsregisternr. 62415484, nachfolgend \u201eThalassa\u201c genannt, verarbeitet personenbezogene Daten ihrer Kunden, potenzieller Neukunden und anderer Ansprechpartner. Thalassa macht dies, um Besucher\/Kunden und Dritten m\u00f6glichst gut zu helfen und seine Ziele zu erreichen. In dieser Datenschutzerkl\u00e4rung erkl\u00e4ren wir daher, warum und auf welche Weise wir Ihre personenbezogenen Daten verarbeiten.<\/div>\n<div><\/div>\n<div>\u00dcber diese Website (www.thalassabeachhouses.nl, eine Website von Thalassa) werden datenschutzrelevante Informationen bzw. personenbezogene Daten verarbeitet. Thalassa erachtet einen sorgf\u00e4ltigen Umgang mit personenbezogenen Daten als sehr wichtig. Daher werden personenbezogene Daten von uns sorgf\u00e4ltig verarbeitet und gesch\u00fctzt.<\/div>\n<div><\/div>\n<div>Bei der Verarbeitung halten wir uns an die Vorgaben der Datenschutzgrundverordnung (die am 25. Mai 2018 in Kraft tritt). Dies bedeutet unter anderem, dass wir:<\/div>\n<ul>\n<li>klar angeben, zu welchen Zwecken wir personenbezogene Daten verarbeiten; dies machen wir mit dieser Datenschutzerkl\u00e4rung,<\/li>\n<li>die Erhebung personenbezogener Daten ausschlie\u00dflich auf jene personenbezogene Daten beschr\u00e4nken, die f\u00fcr legitime Zwecke notwendig sind,<\/li>\n<li>Sie zuerst um Ihre ausdr\u00fcckliche Einwilligung in die Verarbeitung Ihrer personenbezogenen Daten bitten, sofern Ihre Einwilligung erforderlich ist,<\/li>\n<li>angemessene Sicherheitsvorkehrungen treffen, um Ihre personenbezogenen Daten zu sch\u00fctzen, und dies auch von Dritten verlangen, die in unserem Auftrag personenbezogene Daten verarbeiten,<\/li>\n<li>Ihr Recht respektieren, Auskunft \u00fcber Ihre personenbezogenen Daten zu erhalten, diese zu berichtigen und zu l\u00f6schen.<\/li>\n<\/ul>\n<p>In dieser Datenschutzerkl\u00e4rung erkl\u00e4ren wir, welche personenbezogenen Daten wir erheben und f\u00fcr welche Zwecke wir sie verwenden. Wir empfehlen Ihnen, diese Erkl\u00e4rung sorgf\u00e4ltig zu lesen.<\/p>\n<div><em>Diese Datenschutzerkl\u00e4rung wurde zuletzt am 20.02.2023 ge\u00e4ndert.<\/em><\/div>\n<div><\/div>\n<h3>Datenschutzbeauftragter<\/h3>\n<div>Gem\u00e4\u00df Datenschutzgrundverordnung teilen wir mit, dass Thalassa keinen Datenschutzbeauftragten hat, wir stehen Ihnen jedoch gerne f\u00fcr Fragen zur Verf\u00fcgung. Bitte nehmen Sie diesbez\u00fcglich Kontakt mit uns unter\u00a0<a href=\"mailto:beachhouses@thalassabeach.nl\">beachhouses@thalassabeach.nl<\/a> auf.<\/div>\n<h3>Welche personenbezogenen Daten verarbeitet Thalassa?<\/h3>\n<div>Wir verarbeiten die folgenden personenbezogenen Daten \u00fcber diese Website:<\/div>\n<ul>\n<li>Firmenname,<\/li>\n<li>Name,<\/li>\n<li>(Mobil-)Telefonnummer,<\/li>\n<li>E-Mail-Adresse,<\/li>\n<li>und eventuelle weitere Informationen, die im Feld \u201eFrage\/Anmerkung\u201c (auf dieser Seite) eingegeben wurden.<\/li>\n<\/ul>\n<h3>Warum verarbeiten wir diese personenbezogenen Daten?<\/h3>\n<div>Thalassa verarbeitet personenbezogene Daten f\u00fcr die folgenden Zwecke:<\/div>\n<div>\n<p>1. Verwaltung und Dienstleistungen<br \/>\nIn unseren Aufzeichnungen halten wir fest, wer m\u00f6gliche Kunden und Lieferanten von Thalassa und wer die relevanten Ansprechpartner sind. Von Ansprechpartnern speichern wir verschiedene personenbezogene Daten, um unsere Dienstleistungen m\u00f6glichst optimal erbringen zu k\u00f6nnen. So speichern wir Kontaktdaten, um Sie erreichen und Ihnen zur Verf\u00fcgung stehen zu k\u00f6nnen.<br \/>\nSie k\u00f6nnen Thalassa \u00fcber verschiedene Wege erreichen: telefonisch, per Post, E-Mail und \u00fcber die sozialen Medien. Um dies zu erm\u00f6glich, verarbeiten wir ebenfalls personenbezogene Daten.<\/p>\n<\/div>\n<div>2. Marketing &amp; Anwerbung<br \/>\nF\u00fcr Kampagnen von Thalassa verarbeiten wir ebenfalls personenbezogene Daten, zum Beispiel IP-Adresse, Cookie-ID, Social-ID und Surfverhalten. Dies machen wir, um an den richtigen Stellen relevante Werbung anzeigen zu k\u00f6nnen.<\/div>\n<div>Auch k\u00f6nnen wir f\u00fcr Thalassa (und mit uns in Zusammenhang stehende Kampagnen) \u201eausgew\u00e4hlte Zielgruppen\u201c \u00fcber Social-Media-Plattformen verwenden. Dies k\u00f6nnen wir \u00fcber Facebook und Instagram-Targeting machen. Auf diesen Plattformen kann (personalisierte) Werbung angezeigt werden. Wir \u00fcbermitteln hierf\u00fcr keine personenbezogenen Daten an Dritte, es sei denn, Sie haben dem unmissverst\u00e4ndlich zugestimmt.<\/div>\n<div>Wenn Sie nicht m\u00f6chten, dass \u00fcber diese Plattformen Werbung angezeigt wird, k\u00f6nnen Sie uns dies \u00fcber die oben genannten Kontaktdaten mitteilen. Zudem k\u00f6nnen Sie sich auch von den Plattformen abmelden. Wie Sie dies machen k\u00f6nnen, lesen Sie auf den entsprechenden Websites. Klicken Sie dazu bitte auf den entsprechenden Link:<\/div>\n<ul>\n<li>Facebook<\/li>\n<li>Instagram (geh\u00f6rt zu Facebook und dies f\u00fchrt daher auf dieselbe Seite)<\/li>\n<\/ul>\n<div>Hinweis: Es kann vorkommen, dass Sie nach Ihrer Abmeldung noch immer Werbung von Thalassa angezeigt bekommen, wenn Sie zu einer allgemeinen Zielgruppe geh\u00f6ren, an die wir unsere Werbung richten.<\/div>\n<div><\/div>\n<div>3. Verbesserung der Dienstleistungen von Thalassa<\/div>\n<div>Zur Verbesserung unserer Dienstleistungen speichern wir ebenfalls personenbezogene Daten, zum Beispiel das Klickverhalten auf der Website, um zu analysieren, welche Artikel am h\u00e4ufigsten gelesen werden, und \u00d6ffnungsraten, um zu sehen, ob unsere Newsletter (m\u00f6glicherweise in Zukunft) als relevant betrachtet werden.<\/div>\n<h3>Rechte der betroffenen Person<\/h3>\n<div>Gem\u00e4\u00df DSGVO hat jede Person einige Rechte. Wir tun unser Bestes, um diese m\u00f6glichst zu respektieren. Haben Sie Tipps oder Anmerkungen? Sagen Sie es uns! Um Ihre Rechte geltend zu machen, nehmen Sie bitte Kontakt mit uns auf unter <a href=\"mailto:online@Thalassa.nl\">online@Thalassa.nl<\/a> oder Tel. <a href=\"tel:0031683706006\">+31 6 837 06 006<\/a> auf.<\/div>\n<ul>\n<li>Auskunft: Sie k\u00f6nnen Auskunft erhalten, welche personenbezogenen Daten wir von Ihnen verarbeitet und gespeichert haben. Wir erkl\u00e4ren Ihnen auf Wunsch, wie und warum wir diese Daten verarbeiten.<\/li>\n<li>Berichtigung: Sind Sie der Meinung, dass wir falsche Daten von Ihnen gespeichert haben? Teilen Sie uns dies bitte mit, dann \u00e4ndern wir die Daten so schnell wie m\u00f6glich.<\/li>\n<li>L\u00f6schung: Sie k\u00f6nnen uns auffordern, Ihre personenbezogenen Daten zu l\u00f6schen. Es kann jedoch sein, dass wir diese Daten f\u00fcr andere Zwecke (zum Beispiel Verwaltung oder Deduplikation) dennoch noch verarbeiten m\u00fcssen.<\/li>\n<li>Einschr\u00e4nkung: Sind Sie der Meinung, dass wir Ihre personenbezogenen Daten unrechtm\u00e4\u00dfig oder falsch verarbeiten, dann k\u00f6nnen Sie die Verarbeitung auch einschr\u00e4nken lassen.<\/li>\n<li>Einspruch (Widerspruch): Gegen die Verarbeitung Ihrer personenbezogenen Daten k\u00f6nnen Sie Widerspruch einlegen. Handelt es sich um Marketing? Dann werden wir die Verarbeitung so schnell wie m\u00f6glich einstellen.<\/li>\n<li>\u00dcbertragbarkeit: Dies ist ein neues Recht in der DSGVO. Sie k\u00f6nnen Ihre personenbezogenen Daten \u00fcbertragen lassen. Sollten Sie dieses Recht geltend machen wollen, nehmen Sie bitte Kontakt mit uns auf.<\/li>\n<\/ul>\n<div>Zudem k\u00f6nnen Sie auch:<\/div>\n<ul>\n<li>Ihre Einwilligung widerrufen: zum Beispiel in Bezug auf den Erhalt von E-Mailings; wenn Sie eine Einwilligung in eine andere Verarbeitung widerrufen wollen, k\u00f6nnen Sie Kontakt mit uns aufnehmen,<\/li>\n<li>Beschwerde bei der zust\u00e4ndigen Datenschutzbeh\u00f6rde einlegen: Sind Sie der Meinung, dass wir nicht in \u00dcbereinstimmung mit dem Datenschutzgesetz handeln? Dann teilen Sie uns dies bitte mit. Nach dem 25. Mai 2018 k\u00f6nnen Sie auch eine Beschwerde bei der niederl\u00e4ndischen Aufsichtsbeh\u00f6rde Autoriteit Persoonsgegevens (NL) einreichen.<\/li>\n<\/ul>\n<h3>Speicherfristen<\/h3>\n<div>Thalassa speichert Ihre Daten nicht l\u00e4nger, als es n\u00f6tig ist, um die in dieser Datenschutzerkl\u00e4rung genannten Zwecke zu erf\u00fcllen. Wenn Sie uns eine E-Mail senden oder eine Frage \u00fcber ein Kontaktformular stellen, speichern wir Ihre Daten noch f\u00fcr 6 Monate, nachdem wir darauf geantwortet haben, um eventuelle daraus resultierende Fragen beantworten zu k\u00f6nnen. Unternehmensdaten speichern wir, solange die Dienstleistung erbracht wird. Hiermit in Zusammenhang stehende personenbezogene Daten \u2013 in Zusammenhang mit dem Unternehmen, f\u00fcr das Sie arbeiten oder auftreten \u2013 geh\u00f6ren hier ebenfalls dazu.<\/div>\n<h3>Grundlagen der Verarbeitung<\/h3>\n<div>Wie oben erl\u00e4utert, verarbeiten wir manche Daten zur Erf\u00fcllung einer gesetzlichen Pflicht, manche zur Erf\u00fcllung eines Vertrages (Auftrag, Abnahme einer Dienstleistung oder eines Produkts, Veranstaltung) und die meisten zur Umsetzung des berechtigten Interesses von Thalassa: die Durchf\u00fchrung unserer T\u00e4tigkeiten. M\u00f6chten Sie mehr \u00fcber die Abw\u00e4gung, die wir in Bezug auf berechtigte Interessen anstellen, erfahren, dann nehmen Sie Kontakt mit uns auf!<\/div>\n<div><\/div>\n<h3>Dritte Empf\u00e4nger<\/h3>\n<div>Zur Erbringung einiger unserer Dienstleistungen k\u00f6nnen wir Dienstleister beauftragen. Dies sind keine \u201edritten Empf\u00e4nger\u201c, sondern Auftragsverarbeiter. Wir arbeiten zum Beispiel mit einem Medienpart\u00adner, unserem Wirtschaftspr\u00fcfer, einer Cloud-Umgebung etc. zusammen und nutzen Google Analytics. Diese Dritten verarbeiten personenbezogene Daten in \u00dcbereinstimmung mit dem Auftrag von Thalassa.<\/div>\n<div>Manchmal sind wir gesetzlich verpflichtet, personenbezogene Daten an Dritte zu \u00fcbermitteln, zum Beispiel der Steuerbeh\u00f6rde. Dar\u00fcber hinaus werden wir nur Daten an Dritte \u00fcbermitteln, wenn wir daf\u00fcr Ihre ausdr\u00fcckliche Zustimmung erhalten haben.<\/div>\n<h3>Links<\/h3>\n<div>Auf der Website von Thalassa sind m\u00f6glicherweise einige Verweise zu Websites von anderen Unternehmen zu finden. Thalassa ist nicht f\u00fcr die Art und Weise, in der diese Dritten personenbezogene Daten verarbeiten, verantwortlich. Hierzu lesen Sie bitte die Datenschutzerkl\u00e4rung des jeweiligen Inhabers\/Unternehmens.<\/div>\n<div><\/div>\n<h3>Cookie-Erkl\u00e4rung<\/h3>\n<div>Die Website von Thalassa setzt Cookies ein. Dies machen wir, um unsere Dienstleistungen zu verbessern, die optimale Funktion der Website zu gew\u00e4hrleisten, Kampagnen effizient durchzuf\u00fchren und f\u00fcr jene Zwecke, die in der Datenschutzerkl\u00e4rung beschrieben sind.<\/div>\n<div>Cookies sind kleine Textdateien, die von einer Website auf einem PC, Tablet oder Mobiltelefon gespeichert werden. Die folgenden Websites speichern Cookies oder \u00e4hnliche Techniken (nachfolgend \u201eCookies\u201c genannt):<\/div>\n<div>\u2022 https:\/\/www.thalassabeachhouses.nl<\/div>\n<div>Auf den betreffenden Websites k\u00f6nnen Sie \u2013 sofern zutreffend \u2013 Ihre Zustimmung zur Verwendung von Cookies erteilen.<\/div>\n<div>Nachstehend finden Sie eine Liste der Cookies, die von der Thalassa-Website und ihren Funktionalit\u00e4ten gespeichert werden:<\/div>\n<div><\/div>\n<div><\/div>\n<div><strong>Analytische Cookies (Google Analytics):<\/strong><\/div>\n<div>Cookie Ablaufdatum Zweck<\/div>\n<div>_gat nach 1 Minute Wird verwendet, um die Geschwindigkeit der Anfrage zu messen.<\/div>\n<div>_gid nach 24 Stunden Wird verwendet, um Benutzer zu unterscheiden.<\/div>\n<div>_ga nach 2 Jahren Analytisches Cookie, das Websitebesuche misst und verwendet wird, um Benutzer zu unterscheiden (anonym).<\/div>\n<div><\/div>\n<div>Thalassa verwendet Analytics-Cookies, um die Nutzung der Thalassa-Website zu analysieren. Hierzu wird ein persistentes Cookie auf Ihrem Computer oder mobilen Endger\u00e4t gespeichert. Dadurch bekommt Thalassa Informationen, in welcher Weise und wie h\u00e4ufig die Thalassa-Website genutzt wird, und kann anhand dieser Daten n\u00f6tige \u00c4nderungen auf der Thalassa-Website vornehmen. So sorgen wir daf\u00fcr, dass die Thalassa-Website optimal funktioniert.<\/div>\n<div><\/div>\n<div>Thalassa verarbeitet anonyme Statistiken \u00fcber die Websitebesuche. Dies erfolgt mit einem Webanalyse-System. Die folgenden Daten k\u00f6nnen unter anderem \u00fcber Cookies im Webana\u00adlyse-System gespeichert werden:<\/div>\n<ul>\n<li>IP-Adresse,<\/li>\n<li>technische Merkmale wie der Browser, den Sie benutzen (z. B. Chrome, Safari, Firefox, Internet Explorer oder ein anderer Browser),<\/li>\n<li>Bildschirmaufl\u00f6sung,<\/li>\n<li>von welcher Seite aus Sie auf die Thalassa-Website gelangt sind,<\/li>\n<li>wann und wie lange Sie die Thalassa-Website besuchen oder nutzen,<\/li>\n<li>ob Sie die Funktionalit\u00e4ten der Thalassa-Website nutzen,<\/li>\n<li>welche Seiten Sie auf der Thalassa-Website besuchen.<\/li>\n<\/ul>\n<div><\/div>\n<div><strong>Social-Media-Cookies:<\/strong><\/div>\n<div>Cookie: Facebook; Act, c_user, csm, fr, lu, s, presence, p, xs<\/div>\n<div>Zweck: Cookies, die zeigen, welche von Facebook eingesetzten Medien wirksam sind. Durch diese Cookies wird Ihnen auf Websites, die Sie besuchen, nachdem Sie auf den Websites der Dritten gewesen sind, Werbung von Thalassa angezeigt, die zu Ihren Pr\u00e4ferenzen passt (interessenbasiertes Targeting).<\/div>\n<div>Ablaufdatum: nach max. 1 Jahr<\/div>\n<h3>Cookies l\u00f6schen<\/h3>\n<div>Sie k\u00f6nnen Cookies am einfachsten \u00fcber Ihre(n) Browser l\u00f6schen. Nachstehend finden Sie eine Liste der am h\u00e4ufigsten verwendeten Browser und entsprechende Links zu der Art und Weise, wie Sie in diesem Browser Cookies l\u00f6schen k\u00f6nnen:<\/div>\n<ul>\n<li><a href=\"https:\/\/support.google.com\/chrome\/answer\/95647?hl=nl\" target=\"_blank\" rel=\"noopener\">Google Chrome<\/a> (Andoid, Computer, iPad\/iPhone)<\/li>\n<li><a href=\"https:\/\/www.apple.com\/legal\/privacy\/nl\/cookies\/\" target=\"_blank\" rel=\"noopener\">Safari<\/a><\/li>\n<li><a href=\"http:\/\/help.opera.com\/Linux\/10.10\/nl\/cookies.html\" target=\"_blank\" rel=\"noopener\">Opera<\/a><\/li>\n<li><a href=\"https:\/\/support.mozilla.org\/nl\/kb\/cookies-informatie-websites-computer-opgeslagen\" target=\"_blank\" rel=\"noopener\">Mozilla Firefox<\/a><\/li>\n<li><a href=\"https:\/\/support.microsoft.com\/nl-nl\/products\/windows?os=windows-10\">Internet Explorer 9 en 10<\/a><\/li>\n<li><a href=\"https:\/\/support.microsoft.com\/de-de\/microsoft-edge\/cookies-in-microsoft-edge-l%C3%B6schen-63947406-40ac-c3b8-57b9-2a946a29ae09\" target=\"_blank\" rel=\"noopener\">Edge<\/a><\/li>\n<\/ul>\n","protected":false},"excerpt":{"rendered":"<p>Die Thalassa Beach Houses, Strandafgang Barnaart 19, 2041 KB te Zandvoort in Die Niederlande ist ein Markenname von Bonnie Beach B.V., Eingetragen im Handelsregister unter der Handelsregisternr. 62415484, nachfolgend \u201eThalassa\u201c genannt, verarbeitet personenbezogene Daten ihrer Kunden, potenzieller Neukunden und anderer Ansprechpartner. Thalassa macht dies, um Besucher\/Kunden und Dritten m\u00f6glichst gut zu helfen und seine Ziele [&hellip;]<\/p>\n","protected":false},"author":1,"featured_media":0,"parent":0,"menu_order":0,"comment_status":"closed","ping_status":"open","template":"","meta":{"_acf_changed":false,"footnotes":""},"class_list":["post-1242","page","type-page","status-publish","hentry"],"acf":[],"_links":{"self":[{"href":"https:\/\/thalassabeachhouses.nl\/de\/wp-json\/wp\/v2\/pages\/1242","targetHints":{"allow":["GET"]}}],"collection":[{"href":"https:\/\/thalassabeachhouses.nl\/de\/wp-json\/wp\/v2\/pages"}],"about":[{"href":"https:\/\/thalassabeachhouses.nl\/de\/wp-json\/wp\/v2\/types\/page"}],"author":[{"embeddable":true,"href":"https:\/\/thalassabeachhouses.nl\/de\/wp-json\/wp\/v2\/users\/1"}],"replies":[{"embeddable":true,"href":"https:\/\/thalassabeachhouses.nl\/de\/wp-json\/wp\/v2\/comments?post=1242"}],"version-history":[{"count":4,"href":"https:\/\/thalassabeachhouses.nl\/de\/wp-json\/wp\/v2\/pages\/1242\/revisions"}],"predecessor-version":[{"id":1254,"href":"https:\/\/thalassabeachhouses.nl\/de\/wp-json\/wp\/v2\/pages\/1242\/revisions\/1254"}],"wp:attachment":[{"href":"https:\/\/thalassabeachhouses.nl\/de\/wp-json\/wp\/v2\/media?parent=1242"}],"curies":[{"name":"wp","href":"https:\/\/api.w.org\/{rel}","templated":true}]}}