{"id":1240,"date":"2021-06-22T18:32:02","date_gmt":"2021-06-22T18:32:02","guid":{"rendered":"https:\/\/thalassabeachhouses.nl\/impressies\/"},"modified":"2023-02-22T14:58:47","modified_gmt":"2023-02-22T13:58:47","slug":"impressionen","status":"publish","type":"page","link":"https:\/\/thalassabeachhouses.nl\/de\/impressionen\/","title":{"rendered":"Impressionen"},"content":{"rendered":"<p>Nur ein Tag bei Thalassa in Zandvoort\u2026\u2026 unten abgebildet: Aufwachen am Strand, ein leckeres Fr\u00fchst\u00fcck nach vielleicht einem erfrischenden Bad in der Nordsee, Mittagessen auf der eigenen Veranda, Sonnenbaden am eigenen Strandabschnitt.<br \/>\nIm Take Away k\u00f6nnen Sie sich ganz einfach einen Snack, ein Eis oder ein k\u00fchles Getr\u00e4nk holen, um am Abend im Thalassa Restaurant k\u00f6stlich zu speisen und frischen Fisch mit dem passenden Wein zu genie\u00dfen. Genie\u00dfen Sie einen gem\u00fctlichen Drink auf der Terrasse oder auf Ihrer eigenen Veranda, bevor Sie in Ihrem eigenen luxuri\u00f6sen Strandbungalow beim entspannenden Rauschen der Brandung einschlummern.<\/p>\n","protected":false},"excerpt":{"rendered":"<p>Nur ein Tag bei Thalassa in Zandvoort\u2026\u2026 unten abgebildet: Aufwachen am Strand, ein leckeres Fr\u00fchst\u00fcck nach vielleicht einem erfrischenden Bad in der Nordsee, Mittagessen auf der eigenen Veranda, Sonnenbaden am eigenen Strandabschnitt. Im Take Away k\u00f6nnen Sie sich ganz einfach einen Snack, ein Eis oder ein k\u00fchles Getr\u00e4nk holen, um am Abend im Thalassa Restaurant [&hellip;]<\/p>\n","protected":false},"author":1,"featured_media":0,"parent":0,"menu_order":0,"comment_status":"closed","ping_status":"closed","template":"page-impressies.php","meta":{"_acf_changed":false,"footnotes":""},"class_list":["post-1240","page","type-page","status-publish","hentry"],"acf":[],"_links":{"self":[{"href":"https:\/\/thalassabeachhouses.nl\/de\/wp-json\/wp\/v2\/pages\/1240","targetHints":{"allow":["GET"]}}],"collection":[{"href":"https:\/\/thalassabeachhouses.nl\/de\/wp-json\/wp\/v2\/pages"}],"about":[{"href":"https:\/\/thalassabeachhouses.nl\/de\/wp-json\/wp\/v2\/types\/page"}],"author":[{"embeddable":true,"href":"https:\/\/thalassabeachhouses.nl\/de\/wp-json\/wp\/v2\/users\/1"}],"replies":[{"embeddable":true,"href":"https:\/\/thalassabeachhouses.nl\/de\/wp-json\/wp\/v2\/comments?post=1240"}],"version-history":[{"count":3,"href":"https:\/\/thalassabeachhouses.nl\/de\/wp-json\/wp\/v2\/pages\/1240\/revisions"}],"predecessor-version":[{"id":1267,"href":"https:\/\/thalassabeachhouses.nl\/de\/wp-json\/wp\/v2\/pages\/1240\/revisions\/1267"}],"wp:attachment":[{"href":"https:\/\/thalassabeachhouses.nl\/de\/wp-json\/wp\/v2\/media?parent=1240"}],"curies":[{"name":"wp","href":"https:\/\/api.w.org\/{rel}","templated":true}]}}