{"id":1238,"date":"2021-07-07T09:26:24","date_gmt":"2021-07-07T07:26:24","guid":{"rendered":"https:\/\/thalassabeachhouses.nl\/tekst-pagina-voorbeeld\/"},"modified":"2023-02-22T15:00:10","modified_gmt":"2023-02-22T14:00:10","slug":"praktische-information","status":"publish","type":"page","link":"https:\/\/thalassabeachhouses.nl\/de\/praktische-information\/","title":{"rendered":"Praktische Information"},"content":{"rendered":"<ul>\n<li>Die 12 Strandbungalows sind nachhaltig gebaut, kompakt und komplett auf 24 m2<\/li>\n<li>Die Strandh\u00e4user sind Nichtraucherh\u00e4user<\/li>\n<li>Haustiere sind nicht erlaubt<\/li>\n<li>F\u00fcr die Kleinsten gibt es einen Spielplatz<\/li>\n<li>Im Thalassa Take Away finden Sie Snacks, Pommes frites, Pizzen und Getr\u00e4nke, sowie Eis und Strandspielzeug.<\/li>\n<li>Im angrenzenden Restaurant Thalassa befindet sich eine Behindertentoilette. Das Gesch\u00e4ft und die Terrasse sind f\u00fcr Rollstuhlfahrer zug\u00e4nglich<\/li>\n<\/ul>\n<h3>Informationen zur Vermietung<\/h3>\n<p>Mieten Sie Ihr Strandhaus wochenweise, unter der Woche oder am Wochenende.<br \/>\nPr\u00fcfen Sie die Verf\u00fcgbarkeit, die Preise und die Buchung \u00fcber unser <a href=\"https:\/\/booking.roomraccoon.com\/thalassa-18-strand-bungalows\/de\/\" target=\"_blank\" rel=\"noopener\">Reservierungsmodul<\/a> bei RoomRaccoon <em>(Link \u00f6ffnet sich in einem neuen Tab)<\/em><\/p>\n<h3>Haben Sie noch Fragen?<\/h3>\n<p>Ihre Gastgeber helfen Ihnen gerne weiter und sind direkt zu erreichen unter:<br \/>\nTel: <a href=\"tel:0031621607138\">+31 (0)6 21 60 71 38<\/a><br \/>\noder \u00fcber <a href=\"mailto:beachhouses@thalassabeach.nl\" target=\"_blank\" rel=\"noopener\">beachhouses@thalassabeach.nl<\/a><\/p>\n","protected":false},"excerpt":{"rendered":"<p>Die 12 Strandbungalows sind nachhaltig gebaut, kompakt und komplett auf 24 m2 Die Strandh\u00e4user sind Nichtraucherh\u00e4user Haustiere sind nicht erlaubt F\u00fcr die Kleinsten gibt es einen Spielplatz Im Thalassa Take Away finden Sie Snacks, Pommes frites, Pizzen und Getr\u00e4nke, sowie Eis und Strandspielzeug. Im angrenzenden Restaurant Thalassa befindet sich eine Behindertentoilette. Das Gesch\u00e4ft und die [&hellip;]<\/p>\n","protected":false},"author":1,"featured_media":288,"parent":0,"menu_order":0,"comment_status":"closed","ping_status":"closed","template":"","meta":{"_acf_changed":false,"footnotes":""},"class_list":["post-1238","page","type-page","status-publish","has-post-thumbnail","hentry"],"acf":[],"_links":{"self":[{"href":"https:\/\/thalassabeachhouses.nl\/de\/wp-json\/wp\/v2\/pages\/1238","targetHints":{"allow":["GET"]}}],"collection":[{"href":"https:\/\/thalassabeachhouses.nl\/de\/wp-json\/wp\/v2\/pages"}],"about":[{"href":"https:\/\/thalassabeachhouses.nl\/de\/wp-json\/wp\/v2\/types\/page"}],"author":[{"embeddable":true,"href":"https:\/\/thalassabeachhouses.nl\/de\/wp-json\/wp\/v2\/users\/1"}],"replies":[{"embeddable":true,"href":"https:\/\/thalassabeachhouses.nl\/de\/wp-json\/wp\/v2\/comments?post=1238"}],"version-history":[{"count":4,"href":"https:\/\/thalassabeachhouses.nl\/de\/wp-json\/wp\/v2\/pages\/1238\/revisions"}],"predecessor-version":[{"id":1268,"href":"https:\/\/thalassabeachhouses.nl\/de\/wp-json\/wp\/v2\/pages\/1238\/revisions\/1268"}],"wp:featuredmedia":[{"embeddable":true,"href":"https:\/\/thalassabeachhouses.nl\/de\/wp-json\/wp\/v2\/media\/288"}],"wp:attachment":[{"href":"https:\/\/thalassabeachhouses.nl\/de\/wp-json\/wp\/v2\/media?parent=1238"}],"curies":[{"name":"wp","href":"https:\/\/api.w.org\/{rel}","templated":true}]}}