{"id":1235,"date":"2021-06-11T08:00:20","date_gmt":"2021-06-11T08:00:20","guid":{"rendered":"https:\/\/thalassabeachhouses.nl\/home\/"},"modified":"2023-03-01T15:22:46","modified_gmt":"2023-03-01T14:22:46","slug":"home","status":"publish","type":"page","link":"https:\/\/thalassabeachhouses.nl\/de\/","title":{"rendered":"Thalassa Strandh\u00e4user bieten Ihnen ein unvergessliches Erlebnis"},"content":{"rendered":"<p>In einem unserer Super-Deluxe-Bungalows f\u00fcr 4 Personen direkt am Strand von Zandvoort aan Zee bei Thalassa kommt garantiert das ultimative Urlaubsgef\u00fchl auf! M\u00f6chten Sie ein Wochenende, eine Wochenmitte oder lieber eine ganze Woche weg? Es ist alles m\u00f6glich. Die Thalassa Strandbungalows ab 2021 sind mit allem Komfort und gem\u00fctlicher Einrichtung ausgestattet; so f\u00fchlt man sich am meer drau\u00dfen und doch zu hause.<\/p>\n","protected":false},"excerpt":{"rendered":"<p>In einem unserer Super-Deluxe-Bungalows f\u00fcr 4 Personen direkt am Strand von Zandvoort aan Zee bei Thalassa kommt garantiert das ultimative Urlaubsgef\u00fchl auf! M\u00f6chten Sie ein Wochenende, eine Wochenmitte oder lieber eine ganze Woche weg? Es ist alles m\u00f6glich. Die Thalassa Strandbungalows ab 2021 sind mit allem Komfort und gem\u00fctlicher Einrichtung ausgestattet; so f\u00fchlt man sich [&hellip;]<\/p>\n","protected":false},"author":1,"featured_media":0,"parent":0,"menu_order":0,"comment_status":"closed","ping_status":"open","template":"page-home.php","meta":{"_acf_changed":false,"footnotes":""},"class_list":["post-1235","page","type-page","status-publish","hentry"],"acf":[],"_links":{"self":[{"href":"https:\/\/thalassabeachhouses.nl\/de\/wp-json\/wp\/v2\/pages\/1235","targetHints":{"allow":["GET"]}}],"collection":[{"href":"https:\/\/thalassabeachhouses.nl\/de\/wp-json\/wp\/v2\/pages"}],"about":[{"href":"https:\/\/thalassabeachhouses.nl\/de\/wp-json\/wp\/v2\/types\/page"}],"author":[{"embeddable":true,"href":"https:\/\/thalassabeachhouses.nl\/de\/wp-json\/wp\/v2\/users\/1"}],"replies":[{"embeddable":true,"href":"https:\/\/thalassabeachhouses.nl\/de\/wp-json\/wp\/v2\/comments?post=1235"}],"version-history":[{"count":7,"href":"https:\/\/thalassabeachhouses.nl\/de\/wp-json\/wp\/v2\/pages\/1235\/revisions"}],"predecessor-version":[{"id":1273,"href":"https:\/\/thalassabeachhouses.nl\/de\/wp-json\/wp\/v2\/pages\/1235\/revisions\/1273"}],"wp:attachment":[{"href":"https:\/\/thalassabeachhouses.nl\/de\/wp-json\/wp\/v2\/media?parent=1235"}],"curies":[{"name":"wp","href":"https:\/\/api.w.org\/{rel}","templated":true}]}}