{"id":1233,"date":"2023-02-13T14:39:12","date_gmt":"2023-02-13T13:39:12","guid":{"rendered":"https:\/\/thalassabeachhouses.nl\/?page_id=1233"},"modified":"2023-03-01T15:25:57","modified_gmt":"2023-03-01T14:25:57","slug":"thalassa-beach-houses","status":"publish","type":"page","link":"https:\/\/thalassabeachhouses.nl\/de\/thalassa-beach-houses\/","title":{"rendered":"Thalassa Beach Houses"},"content":{"rendered":"<p>In einem unserer Super-Deluxe-Bungalows f\u00fcr 4 Personen direkt am Strand von Zandvoort aan Zee kommt garantiert das ultimative Urlaubsgef\u00fchl auf!<br \/>\nM\u00f6chten Sie ein Wochenende, eine Wochenmitte oder lieber eine ganze Woche weg? Es ist alles m\u00f6glich. Die Strandbungalows von 2021 sind mit allem Komfort ausgestattet und gem\u00fctlich eingerichtet, so dass Sie sich am Meer wie zu Hause f\u00fchlen.<\/p>\n<p>Und das nicht nur tags\u00fcber. Auf dem Heimweg stehen Sie nicht im Stau und steigen auch nicht in einen \u00fcberf\u00fcllten Zug ein. Nein, denn Sie bleiben! Sie bewahren die Strandatmosph\u00e4re und sitzen entspannt unter dem Sternenhimmel auf Ihrer eigenen Terrasse. Sie werden mit dem Rauschen der Brandung wunderbar schlafen\u2026<\/p>\n<p>Auch wenn Sie in Ihrer eigenen K\u00fcche alles finden, was Sie brauchen, es ist schlie\u00dflich Urlaub, also\u2026 lassen Sie sich im angrenzenden Restaurant Thalassa \u00fcberraschen. Die professionelle K\u00fcchenbrigade verw\u00f6hnt Sie gerne. Ob Mittag- oder Abendessen, Kaffee mit Apfelkuchen oder ein Getr\u00e4nk, Sie sind sowohl drinnen als auch auf den gro\u00dfz\u00fcgigen Terrassen willkommen. Nun, Sie werden es selbst sehen. Und vielleicht m\u00f6chten Sie unseren Zimmerservice ausprobieren.<\/p>\n<p>Ach ja, einmal weniger sch\u00f6nes Wetter? Kein Problem, denn die attraktiven Strandh\u00e4user verf\u00fcgen alle \u00fcber eine eigene Zentralheizung und Fernseher. Aber sicher sehen Sie sich lieber das bezaubernde Schauspiel von Ebbe und Flut an\u2026<\/p>\n<p>Nachfolgend finden Sie weitere Informationen \u00fcber die Lage, zeitgem\u00e4\u00dfen Komfort, Einrichtungen und M\u00f6glichkeiten oder\u2026<\/p>\n<p><a href=\"https:\/\/booking.roomraccoon.com\/thalassa-18-strand-bungalows\/de\/\" target=\"_blank\" rel=\"noopener\">Buchen Sie direkt ein Strandhaus<\/a><\/p>\n","protected":false},"excerpt":{"rendered":"<p>In einem unserer Super-Deluxe-Bungalows f\u00fcr 4 Personen direkt am Strand von Zandvoort aan Zee kommt garantiert das ultimative Urlaubsgef\u00fchl auf! M\u00f6chten Sie ein Wochenende, eine Wochenmitte oder lieber eine ganze Woche weg? Es ist alles m\u00f6glich. Die Strandbungalows von 2021 sind mit allem Komfort ausgestattet und gem\u00fctlich eingerichtet, so dass Sie sich am Meer wie [&hellip;]<\/p>\n","protected":false},"author":1,"featured_media":0,"parent":0,"menu_order":0,"comment_status":"closed","ping_status":"closed","template":"page-theme.php","meta":{"_acf_changed":false,"footnotes":""},"class_list":["post-1233","page","type-page","status-publish","hentry"],"acf":[],"_links":{"self":[{"href":"https:\/\/thalassabeachhouses.nl\/de\/wp-json\/wp\/v2\/pages\/1233","targetHints":{"allow":["GET"]}}],"collection":[{"href":"https:\/\/thalassabeachhouses.nl\/de\/wp-json\/wp\/v2\/pages"}],"about":[{"href":"https:\/\/thalassabeachhouses.nl\/de\/wp-json\/wp\/v2\/types\/page"}],"author":[{"embeddable":true,"href":"https:\/\/thalassabeachhouses.nl\/de\/wp-json\/wp\/v2\/users\/1"}],"replies":[{"embeddable":true,"href":"https:\/\/thalassabeachhouses.nl\/de\/wp-json\/wp\/v2\/comments?post=1233"}],"version-history":[{"count":3,"href":"https:\/\/thalassabeachhouses.nl\/de\/wp-json\/wp\/v2\/pages\/1233\/revisions"}],"predecessor-version":[{"id":1274,"href":"https:\/\/thalassabeachhouses.nl\/de\/wp-json\/wp\/v2\/pages\/1233\/revisions\/1274"}],"wp:attachment":[{"href":"https:\/\/thalassabeachhouses.nl\/de\/wp-json\/wp\/v2\/media?parent=1233"}],"curies":[{"name":"wp","href":"https:\/\/api.w.org\/{rel}","templated":true}]}}