{"id":1230,"date":"2021-07-09T07:34:15","date_gmt":"2021-07-09T07:34:15","guid":{"rendered":"https:\/\/thalassabeachhouses.nl\/contact\/"},"modified":"2023-02-22T14:55:53","modified_gmt":"2023-02-22T13:55:53","slug":"kontakt","status":"publish","type":"page","link":"https:\/\/thalassabeachhouses.nl\/de\/kontakt\/","title":{"rendered":"Kontakt"},"content":{"rendered":"<p>Sie finden die Thalassa Strandh\u00e4user in Zandvoort am Boulevard Barnaart an den Strandausg\u00e4ngen 18 und 19 in der N\u00e4he des gut sichtbaren und 70 Meter hohen Palace Hotels Zandvoort.<\/p>\n<p>Unsere Kontaktdaten finden Sie unten, aber Sie k\u00f6nnen nat\u00fcrlich auch das Kontaktformular ausf\u00fcllen.<\/p>\n<h4>Thalassa Beach Houses<\/h4>\n<p>tel: <a href=\"tel:0031621607138\">+31 (0)6 21 60 71 38<\/a><br \/>\nemail: <a href=\"mailto:beachhouses@thalassabeach.nl\">beachhouses@thalassabeach.nl<\/a><br \/>\n<em>Um direkt zu buchen, klicken Sie auf diesen Link, Sie werden dann zu unserem <a href=\"https:\/\/booking.roomraccoon.com\/thalassa-18-strand-bungalows\/de\/\" target=\"_blank\" rel=\"noopener\">Buchungstool<\/a> auf RoomRaccoon weitergeleitet.\u2003<\/em><\/p>\n<p>&nbsp;<\/p>\n","protected":false},"excerpt":{"rendered":"<p>Sie finden die Thalassa Strandh\u00e4user in Zandvoort am Boulevard Barnaart an den Strandausg\u00e4ngen 18 und 19 in der N\u00e4he des gut sichtbaren und 70 Meter hohen Palace Hotels Zandvoort. Unsere Kontaktdaten finden Sie unten, aber Sie k\u00f6nnen nat\u00fcrlich auch das Kontaktformular ausf\u00fcllen. Thalassa Beach Houses tel: +31 (0)6 21 60 71 38 email: beachhouses@thalassabeach.nl Um [&hellip;]<\/p>\n","protected":false},"author":1,"featured_media":720,"parent":0,"menu_order":0,"comment_status":"closed","ping_status":"closed","template":"page-contact.php","meta":{"_acf_changed":false,"footnotes":""},"class_list":["post-1230","page","type-page","status-publish","has-post-thumbnail","hentry"],"acf":[],"_links":{"self":[{"href":"https:\/\/thalassabeachhouses.nl\/de\/wp-json\/wp\/v2\/pages\/1230","targetHints":{"allow":["GET"]}}],"collection":[{"href":"https:\/\/thalassabeachhouses.nl\/de\/wp-json\/wp\/v2\/pages"}],"about":[{"href":"https:\/\/thalassabeachhouses.nl\/de\/wp-json\/wp\/v2\/types\/page"}],"author":[{"embeddable":true,"href":"https:\/\/thalassabeachhouses.nl\/de\/wp-json\/wp\/v2\/users\/1"}],"replies":[{"embeddable":true,"href":"https:\/\/thalassabeachhouses.nl\/de\/wp-json\/wp\/v2\/comments?post=1230"}],"version-history":[{"count":3,"href":"https:\/\/thalassabeachhouses.nl\/de\/wp-json\/wp\/v2\/pages\/1230\/revisions"}],"predecessor-version":[{"id":1265,"href":"https:\/\/thalassabeachhouses.nl\/de\/wp-json\/wp\/v2\/pages\/1230\/revisions\/1265"}],"wp:featuredmedia":[{"embeddable":true,"href":"https:\/\/thalassabeachhouses.nl\/de\/wp-json\/wp\/v2\/media\/720"}],"wp:attachment":[{"href":"https:\/\/thalassabeachhouses.nl\/de\/wp-json\/wp\/v2\/media?parent=1230"}],"curies":[{"name":"wp","href":"https:\/\/api.w.org\/{rel}","templated":true}]}}